{"id":59844,"date":"2012-11-15T16:45:00","date_gmt":"2012-11-15T14:45:00","guid":{"rendered":"http:\/\/www.trevisanintimo.com\/?post_type=product&#038;p=59844"},"modified":"2012-12-15T00:07:09","modified_gmt":"2012-12-14T22:07:09","slug":"cuorina-chemise","status":"publish","type":"product","link":"https:\/\/trevisanintimo.it\/?product=cuorina-chemise","title":{"rendered":"CUORINA CHEMISE"},"content":{"rendered":"<p>Cuorina chemise \u00e8 realizzata in morbido tessuto e pizzo con fantasia a cuori. La scollatura profonda mette delicatamente in mostra il seno, il fiocchetto che sottolinea il d\u00e9collet\u00e9 cattura lo sguardo. La parte centrale della chemise \u00e8 finemente ricamata. Il retro della chemise mette in mostra i glutei. Perizoma abbinato incluso<\/p>\n","protected":false},"excerpt":{"rendered":"<p>Cuorina chemise \u00e8 realizzata in morbido tessuto e pizzo con fantasia a cuori. La scollatura profonda mette delicatamente in mostra il seno, il fiocchetto che sottolinea il d\u00e9collet\u00e9 cattura lo sguardo. La parte centrale della chemise \u00e8 finemente ricamata. Il retro della chemise mette in mostra i glutei. Perizoma abbinato incluso<\/p>\n","protected":false},"featured_media":59846,"template":"","meta":{"spay_email":"","jetpack_publicize_message":"","jetpack_is_tweetstorm":false},"jetpack_publicize_connections":[],"jetpack_sharing_enabled":true,"_links":{"self":[{"href":"https:\/\/trevisanintimo.it\/index.php?rest_route=\/wp\/v2\/product\/59844"}],"collection":[{"href":"https:\/\/trevisanintimo.it\/index.php?rest_route=\/wp\/v2\/product"}],"about":[{"href":"https:\/\/trevisanintimo.it\/index.php?rest_route=\/wp\/v2\/types\/product"}],"wp:featuredmedia":[{"embeddable":true,"href":"https:\/\/trevisanintimo.it\/index.php?rest_route=\/wp\/v2\/media\/59846"}],"wp:attachment":[{"href":"https:\/\/trevisanintimo.it\/index.php?rest_route=%2Fwp%2Fv2%2Fmedia&parent=59844"}],"curies":[{"name":"wp","href":"https:\/\/api.w.org\/{rel}","templated":true}]}}