{"id":59641,"date":"2012-06-20T15:31:00","date_gmt":"2012-06-20T13:31:00","guid":{"rendered":"http:\/\/www.trevisanintimo.com\/?post_type=product&#038;p=59641"},"modified":"2012-07-20T00:00:19","modified_gmt":"2012-07-19T22:00:19","slug":"bride-corset","status":"publish","type":"product","link":"https:\/\/trevisanintimo.it\/?product=bride-corset","title":{"rendered":"BRIDE CORSET"},"content":{"rendered":"<p>Originale corsetto steccato realizzato in color avorio dall&#8217;effetto broccato. La lunghezza di questo corsetto \u00e8 la sua particolarit\u00e0: la vostra figura verr\u00e0 modellata esaltandone le curve. La stringatura posteriore garantisce una vestibilit\u00e0 perfetta. Bellissima collana realizzata in pizzo veneziano e perizoma inclusi nella confezione.<\/p>\n","protected":false},"excerpt":{"rendered":"<p>Originale corsetto steccato realizzato in color avorio dall&#8217;effetto broccato. La lunghezza di questo corsetto \u00e8 la sua particolarit\u00e0: la vostra figura verr\u00e0 modellata esaltandone le curve. La stringatura posteriore garantisce una vestibilit\u00e0 perfetta. Bellissima collana realizzata in pizzo veneziano e perizoma inclusi nella confezione.<\/p>\n","protected":false},"featured_media":59643,"template":"","meta":{"spay_email":"","jetpack_publicize_message":"","jetpack_is_tweetstorm":false},"jetpack_publicize_connections":[],"jetpack_sharing_enabled":true,"_links":{"self":[{"href":"https:\/\/trevisanintimo.it\/index.php?rest_route=\/wp\/v2\/product\/59641"}],"collection":[{"href":"https:\/\/trevisanintimo.it\/index.php?rest_route=\/wp\/v2\/product"}],"about":[{"href":"https:\/\/trevisanintimo.it\/index.php?rest_route=\/wp\/v2\/types\/product"}],"wp:featuredmedia":[{"embeddable":true,"href":"https:\/\/trevisanintimo.it\/index.php?rest_route=\/wp\/v2\/media\/59643"}],"wp:attachment":[{"href":"https:\/\/trevisanintimo.it\/index.php?rest_route=%2Fwp%2Fv2%2Fmedia&parent=59641"}],"curies":[{"name":"wp","href":"https:\/\/api.w.org\/{rel}","templated":true}]}}